{"id":2499,"date":"2023-08-30T12:39:26","date_gmt":"2023-08-30T09:39:26","guid":{"rendered":"https:\/\/festival2023.rixc.org\/?page_id=2499"},"modified":"2024-08-03T17:06:38","modified_gmt":"2024-08-03T14:06:38","slug":"liga-velina","status":"publish","type":"page","link":"https:\/\/festival2023.rixc.org\/?page_id=2499","title":{"rendered":"L\u012bga V\u0113li\u0146a"},"content":{"rendered":"\n<p><strong>L\u012bga V\u0113li\u0146a<br>Shifted Realities<\/strong><br><em>Virtual reality, AI, 3D, print 1 x 1.5 m, 2023<\/em><\/p>\n\n\n\n<p>Since the dawn of the industrial revolution &#8211;&nbsp; at the end of the 19th century, and especially at&nbsp; the beginning of the 20th century with its rapid technological progress, people have thought about the possibility of <em>artificial<\/em> intelligence, and interpreted it many ways in the form of science fiction writings. Most of it was portrayed from a negative point of view, as something that deprives humanity of control, or even destroys, or enslaves it. Finally, at the beginning of <a href=\"http:\/\/21.st\/\">21.st<\/a> century, the time has come, when artificial intelligence is present in our everyday lives. &nbsp; A new cultural paradigm shift, the automation of image creation and other human-replacing&nbsp; tools is currently underway. In everyday life we come across artificial intelligence tools: starting with chat-bots, AI assistants on various websites &#8211; to AI tools with which we can operate with text, code, generate artistic images, transform sound, or train AI with our voice. As we once interpreted artificial intelligence, now its interpreting us &#8211; humans.<\/p>\n\n\n\n<p>In search of new ways and means of expression, the artist has tried to give the images generated by generative Ai a shape and volume, by transforming them into three-dimensional objects. Artist is giving space and displaying AI content in 3 dimensions in virtual reality to enhance sense of presence.<\/p>\n\n\n\n<figure class=\"wp-block-image size-large\"><img loading=\"lazy\" decoding=\"async\" width=\"1024\" height=\"585\" src=\"https:\/\/festival2023.rixc.org\/wp-content\/uploads\/2023\/09\/LigaVelina_Shiftedrealities67png-1024x585.png\" alt=\"\" class=\"wp-image-2610\" srcset=\"https:\/\/festival2023.rixc.org\/wp-content\/uploads\/2023\/09\/LigaVelina_Shiftedrealities67png-1024x585.png 1024w, https:\/\/festival2023.rixc.org\/wp-content\/uploads\/2023\/09\/LigaVelina_Shiftedrealities67png-300x171.png 300w, https:\/\/festival2023.rixc.org\/wp-content\/uploads\/2023\/09\/LigaVelina_Shiftedrealities67png-768x439.png 768w, https:\/\/festival2023.rixc.org\/wp-content\/uploads\/2023\/09\/LigaVelina_Shiftedrealities67png-1536x878.png 1536w, https:\/\/festival2023.rixc.org\/wp-content\/uploads\/2023\/09\/LigaVelina_Shiftedrealities67png-2048x1170.png 2048w\" sizes=\"auto, (max-width: 1024px) 100vw, 1024px\" \/><\/figure>\n\n\n\n<p><strong>L\u012bga V\u0113li\u0146a <\/strong>(1990) is a media artist, illustrator and graphic designer. She works with various digital media: data visualization, virtual reality, 3D art. L\u012bga studied new media art at Liep\u0101ja University and visual communication at the Latvian Art Academy, where she obtained a master\u2019s degree. L\u012bga is currently studying PhD in Latvian Art Academy.<\/p>\n\n\n\n<figure class=\"wp-block-image size-large\"><img loading=\"lazy\" decoding=\"async\" width=\"1024\" height=\"683\" src=\"https:\/\/festival2023.rixc.org\/wp-content\/uploads\/2024\/08\/53262471535_6a0351a510_k-1-1024x683.jpg\" alt=\"\" class=\"wp-image-2874\" srcset=\"https:\/\/festival2023.rixc.org\/wp-content\/uploads\/2024\/08\/53262471535_6a0351a510_k-1-1024x683.jpg 1024w, https:\/\/festival2023.rixc.org\/wp-content\/uploads\/2024\/08\/53262471535_6a0351a510_k-1-300x200.jpg 300w, https:\/\/festival2023.rixc.org\/wp-content\/uploads\/2024\/08\/53262471535_6a0351a510_k-1-768x512.jpg 768w, https:\/\/festival2023.rixc.org\/wp-content\/uploads\/2024\/08\/53262471535_6a0351a510_k-1-1536x1025.jpg 1536w, https:\/\/festival2023.rixc.org\/wp-content\/uploads\/2024\/08\/53262471535_6a0351a510_k-1.jpg 2048w\" sizes=\"auto, (max-width: 1024px) 100vw, 1024px\" \/><\/figure>\n\n\n\n<p><em>L\u012bga V\u0113li\u0146a. Shifted Realities, 2023. Crypto, Art and Climate exhibition, National Library of Latvia, Riga, 2023. Photo: Krist\u012bne Madjare<\/em><\/p>\n\n\n\n<figure class=\"wp-block-image size-large\"><img loading=\"lazy\" decoding=\"async\" width=\"1024\" height=\"683\" src=\"https:\/\/festival2023.rixc.org\/wp-content\/uploads\/2024\/08\/53201264605_88ddd86ce3_k-1024x683.jpg\" alt=\"\" class=\"wp-image-2875\" srcset=\"https:\/\/festival2023.rixc.org\/wp-content\/uploads\/2024\/08\/53201264605_88ddd86ce3_k-1024x683.jpg 1024w, https:\/\/festival2023.rixc.org\/wp-content\/uploads\/2024\/08\/53201264605_88ddd86ce3_k-300x200.jpg 300w, https:\/\/festival2023.rixc.org\/wp-content\/uploads\/2024\/08\/53201264605_88ddd86ce3_k-768x512.jpg 768w, https:\/\/festival2023.rixc.org\/wp-content\/uploads\/2024\/08\/53201264605_88ddd86ce3_k-1536x1024.jpg 1536w, https:\/\/festival2023.rixc.org\/wp-content\/uploads\/2024\/08\/53201264605_88ddd86ce3_k.jpg 2047w\" sizes=\"auto, (max-width: 1024px) 100vw, 1024px\" \/><\/figure>\n\n\n\n<p><em>L\u012bga V\u0113li\u0146a. Shifted Realities, 2023. Crypto, Art and Climate exhibition, National Library of Latvia, Riga, 2023. Photo: Juris Rozenbergs<\/em><\/p>\n\n\n\n<figure class=\"wp-block-image size-large\"><img loading=\"lazy\" decoding=\"async\" width=\"1024\" height=\"645\" src=\"https:\/\/festival2023.rixc.org\/wp-content\/uploads\/2023\/09\/LigaVelina_Shiftedrealities13-1024x645.png\" alt=\"\" class=\"wp-image-2611\" srcset=\"https:\/\/festival2023.rixc.org\/wp-content\/uploads\/2023\/09\/LigaVelina_Shiftedrealities13-1024x645.png 1024w, https:\/\/festival2023.rixc.org\/wp-content\/uploads\/2023\/09\/LigaVelina_Shiftedrealities13-300x189.png 300w, https:\/\/festival2023.rixc.org\/wp-content\/uploads\/2023\/09\/LigaVelina_Shiftedrealities13-768x484.png 768w, https:\/\/festival2023.rixc.org\/wp-content\/uploads\/2023\/09\/LigaVelina_Shiftedrealities13-1536x967.png 1536w, https:\/\/festival2023.rixc.org\/wp-content\/uploads\/2023\/09\/LigaVelina_Shiftedrealities13-2048x1290.png 2048w\" sizes=\"auto, (max-width: 1024px) 100vw, 1024px\" \/><\/figure>\n\n\n\n<figure class=\"wp-block-image size-large\"><img loading=\"lazy\" decoding=\"async\" width=\"1024\" height=\"585\" src=\"https:\/\/festival2023.rixc.org\/wp-content\/uploads\/2023\/09\/LigaVelina_Shiftedrealities14-1024x585.png\" alt=\"\" class=\"wp-image-2612\" srcset=\"https:\/\/festival2023.rixc.org\/wp-content\/uploads\/2023\/09\/LigaVelina_Shiftedrealities14-1024x585.png 1024w, https:\/\/festival2023.rixc.org\/wp-content\/uploads\/2023\/09\/LigaVelina_Shiftedrealities14-300x171.png 300w, https:\/\/festival2023.rixc.org\/wp-content\/uploads\/2023\/09\/LigaVelina_Shiftedrealities14-768x439.png 768w, https:\/\/festival2023.rixc.org\/wp-content\/uploads\/2023\/09\/LigaVelina_Shiftedrealities14-1536x878.png 1536w, https:\/\/festival2023.rixc.org\/wp-content\/uploads\/2023\/09\/LigaVelina_Shiftedrealities14-2048x1170.png 2048w\" sizes=\"auto, (max-width: 1024px) 100vw, 1024px\" \/><\/figure>\n\n\n\n<figure class=\"wp-block-image size-large\"><img loading=\"lazy\" decoding=\"async\" width=\"1024\" height=\"585\" src=\"https:\/\/festival2023.rixc.org\/wp-content\/uploads\/2023\/09\/LigaVelina_Shiftedrealities9-1024x585.png\" alt=\"\" class=\"wp-image-2613\" srcset=\"https:\/\/festival2023.rixc.org\/wp-content\/uploads\/2023\/09\/LigaVelina_Shiftedrealities9-1024x585.png 1024w, https:\/\/festival2023.rixc.org\/wp-content\/uploads\/2023\/09\/LigaVelina_Shiftedrealities9-300x171.png 300w, https:\/\/festival2023.rixc.org\/wp-content\/uploads\/2023\/09\/LigaVelina_Shiftedrealities9-768x439.png 768w, https:\/\/festival2023.rixc.org\/wp-content\/uploads\/2023\/09\/LigaVelina_Shiftedrealities9-1536x878.png 1536w, https:\/\/festival2023.rixc.org\/wp-content\/uploads\/2023\/09\/LigaVelina_Shiftedrealities9-2048x1170.png 2048w\" sizes=\"auto, (max-width: 1024px) 100vw, 1024px\" \/><\/figure>\n","protected":false},"excerpt":{"rendered":"<p>L\u012bga V\u0113li\u0146aShifted RealitiesVirtual reality, AI, 3D, print 1 x 1.5 m, 2023 Since the dawn of the industrial revolution &#8211;&nbsp; at the end of the 19th century, and especially at&nbsp; the beginning of the 20th century with its rapid technological progress, people have thought about the possibility of artificial intelligence, and interpreted it many ways [&hellip;]<\/p>\n","protected":false},"author":1,"featured_media":0,"parent":0,"menu_order":0,"comment_status":"closed","ping_status":"closed","template":"","meta":{"_acf_changed":false,"footnotes":""},"class_list":["post-2499","page","type-page","status-publish","hentry"],"acf":[],"_links":{"self":[{"href":"https:\/\/festival2023.rixc.org\/index.php?rest_route=\/wp\/v2\/pages\/2499","targetHints":{"allow":["GET"]}}],"collection":[{"href":"https:\/\/festival2023.rixc.org\/index.php?rest_route=\/wp\/v2\/pages"}],"about":[{"href":"https:\/\/festival2023.rixc.org\/index.php?rest_route=\/wp\/v2\/types\/page"}],"author":[{"embeddable":true,"href":"https:\/\/festival2023.rixc.org\/index.php?rest_route=\/wp\/v2\/users\/1"}],"replies":[{"embeddable":true,"href":"https:\/\/festival2023.rixc.org\/index.php?rest_route=%2Fwp%2Fv2%2Fcomments&post=2499"}],"version-history":[{"count":3,"href":"https:\/\/festival2023.rixc.org\/index.php?rest_route=\/wp\/v2\/pages\/2499\/revisions"}],"predecessor-version":[{"id":2876,"href":"https:\/\/festival2023.rixc.org\/index.php?rest_route=\/wp\/v2\/pages\/2499\/revisions\/2876"}],"wp:attachment":[{"href":"https:\/\/festival2023.rixc.org\/index.php?rest_route=%2Fwp%2Fv2%2Fmedia&parent=2499"}],"curies":[{"name":"wp","href":"https:\/\/api.w.org\/{rel}","templated":true}]}}