{"id":2442,"date":"2023-08-29T19:22:32","date_gmt":"2023-08-29T16:22:32","guid":{"rendered":"https:\/\/festival2023.rixc.org\/?page_id=2442"},"modified":"2023-09-12T19:27:36","modified_gmt":"2023-09-12T16:27:36","slug":"press-conference-about-festival-2023","status":"publish","type":"page","link":"https:\/\/festival2023.rixc.org\/?page_id=2442","title":{"rendered":"Press Conference (About Festival 2023)"},"content":{"rendered":"\n<p><strong>Wednesday, September 20, 2023<\/strong><br><strong>Press Conference<\/strong><br><em>National Library of Latvia, Exhibition Hall (ground floor)<\/em><\/p>\n\n\n\n<p><strong>11.00 <\/strong>Curators Rasa \u0160mite and Raitis \u0160mits &#8211; Introduction to the theme and program \/ Festival producer Agnese Baranova &#8211; introduces\u00a0 the exhibition and artists<br><strong>11.10<\/strong> About Opening Keynotes introduce the speakers \u2013 Chris Salter and Eleonora Brizi<br><strong>11.20 <\/strong>The artists Jung Eun Lee, Anna Manankina, Isabella M\u00fcnnich (in person) will <em>tell and show<\/em> about SensUs \u2013 Augmented Reality project in the city<br><strong>11.25<\/strong> Curator Raitis \u0160mits gives a guided tour of the exhibition, where artists Katerina El Raheb, Emanuel Gollob, Paula Nishijima, Rihards V\u012btols, Zane Zelmene, L\u012bga V\u0113li\u0146a, Ieva V\u012bksne talk about their work<\/p>\n","protected":false},"excerpt":{"rendered":"<p>Wednesday, September 20, 2023Press ConferenceNational Library of Latvia, Exhibition Hall (ground floor) 11.00 Curators Rasa \u0160mite and Raitis \u0160mits &#8211; Introduction to the theme and program \/ Festival producer Agnese Baranova &#8211; introduces\u00a0 the exhibition and artists11.10 About Opening Keynotes introduce the speakers \u2013 Chris Salter and Eleonora Brizi11.20 The artists Jung Eun Lee, Anna [&hellip;]<\/p>\n","protected":false},"author":1,"featured_media":0,"parent":0,"menu_order":0,"comment_status":"closed","ping_status":"closed","template":"","meta":{"_acf_changed":false,"footnotes":""},"class_list":["post-2442","page","type-page","status-publish","hentry"],"acf":[],"_links":{"self":[{"href":"https:\/\/festival2023.rixc.org\/index.php?rest_route=\/wp\/v2\/pages\/2442","targetHints":{"allow":["GET"]}}],"collection":[{"href":"https:\/\/festival2023.rixc.org\/index.php?rest_route=\/wp\/v2\/pages"}],"about":[{"href":"https:\/\/festival2023.rixc.org\/index.php?rest_route=\/wp\/v2\/types\/page"}],"author":[{"embeddable":true,"href":"https:\/\/festival2023.rixc.org\/index.php?rest_route=\/wp\/v2\/users\/1"}],"replies":[{"embeddable":true,"href":"https:\/\/festival2023.rixc.org\/index.php?rest_route=%2Fwp%2Fv2%2Fcomments&post=2442"}],"version-history":[{"count":3,"href":"https:\/\/festival2023.rixc.org\/index.php?rest_route=\/wp\/v2\/pages\/2442\/revisions"}],"predecessor-version":[{"id":2709,"href":"https:\/\/festival2023.rixc.org\/index.php?rest_route=\/wp\/v2\/pages\/2442\/revisions\/2709"}],"wp:attachment":[{"href":"https:\/\/festival2023.rixc.org\/index.php?rest_route=%2Fwp%2Fv2%2Fmedia&parent=2442"}],"curies":[{"name":"wp","href":"https:\/\/api.w.org\/{rel}","templated":true}]}}